{"id":7,"date":"2026-02-02T20:31:08","date_gmt":"2026-02-02T20:31:08","guid":{"rendered":"https:\/\/pirtniece.lv\/?page_id=7"},"modified":"2026-02-07T11:59:25","modified_gmt":"2026-02-07T11:59:25","slug":"pirtniece-iveta-gulbe","status":"publish","type":"page","link":"https:\/\/pirtniece.lv\/","title":{"rendered":"PIRTNIECE IVETA GULBE"},"content":{"rendered":"\t\t<div data-elementor-type=\"wp-page\" data-elementor-id=\"7\" class=\"elementor elementor-7\">\n\t\t\t\t<div class=\"elementor-element elementor-element-f47c221 e-flex e-con-boxed e-con e-parent\" data-id=\"f47c221\" data-element_type=\"container\" data-e-type=\"container\" data-settings=\"{&quot;background_background&quot;:&quot;video&quot;,&quot;background_video_link&quot;:&quot;https:\\\/\\\/pirtniece.lv\\\/wp-content\\\/uploads\\\/2026\\\/02\\\/IMG_5708.mp4&quot;,&quot;background_video_start&quot;:0,&quot;background_play_on_mobile&quot;:&quot;yes&quot;}\">\n\t\t\t\t\t<div class=\"e-con-inner\">\n\t\t<div class=\"elementor-background-video-container\">\n\t\t\t\t\t\t\t<video class=\"elementor-background-video-hosted\" role=\"presentation\" autoplay muted playsinline loop><\/video>\n\t\t\t\t\t<\/div>\t\t\t<\/div>\n\t\t\t\t<\/div>\n\t\t<div class=\"elementor-element elementor-element-4cc1cbe e-flex e-con-boxed e-con e-parent\" data-id=\"4cc1cbe\" data-element_type=\"container\" data-e-type=\"container\">\n\t\t\t\t\t<div class=\"e-con-inner\">\n\t\t\t\t<div class=\"elementor-element elementor-element-b4695ef elementor-widget elementor-widget-heading\" data-id=\"b4695ef\" data-element_type=\"widget\" data-e-type=\"widget\" data-widget_type=\"heading.default\">\n\t\t\t\t\t<h1 class=\"elementor-heading-title elementor-size-default\">PIRTNIECE IVETA<\/h1>\t\t\t\t<\/div>\n\t\t\t\t\t<\/div>\n\t\t\t\t<\/div>\n\t\t<div class=\"elementor-element elementor-element-ca6140d e-flex e-con-boxed e-con e-parent\" data-id=\"ca6140d\" data-element_type=\"container\" data-e-type=\"container\">\n\t\t\t\t\t<div class=\"e-con-inner\">\n\t\t\t\t<div class=\"elementor-element elementor-element-6fe6fa3 elementor-widget elementor-widget-text-editor\" data-id=\"6fe6fa3\" data-element_type=\"widget\" data-e-type=\"widget\" data-widget_type=\"text-editor.default\">\n\t\t\t\t\t\t\t\t\t<h6><strong><span style=\"color: #0c3a03;\">Organiz\u0113ju individu\u0101lus pirts ritu\u0101lus, d\u0101mu pirts dienas, meistarklases un nometnes, nodro\u0161inot ar\u012b nak\u0161\u0146o\u0161anu.<\/span><\/strong><\/h6><h6><strong><span style=\"color: #0c3a03;\">Esmu pilna laika pirtniece, tas noz\u012bm\u0113, ka pirts ritu\u0101lu iesp\u0113jams noorganiz\u0113t ne tikai br\u012bvdien\u0101s bet jebkur\u0101 m\u0113ne\u0161a dien\u0101. Augus iev\u0101cu pati, gatavoju t\u0113jas, pirts skrubi &#8230;.. intens\u012bvi darbojos ar \u0113teriskaj\u0101m e\u013c\u013c\u0101m, veicot aromdiagnostiku, kas pal\u012bdz diagnostic\u0113t cilv\u0113ka psihoemicion\u0101lo st\u0101vokli un to dziedin\u0101t. Apg\u016btas ar\u012b da\u017e\u0101das mas\u0101\u017eas tehnikas. Esmu <\/span><\/strong><strong><span style=\"color: #0c3a03;\">&#8220;Sp\u0113ka pirts&#8221; saimniece, t\u0101p\u0113c ar pilnu atdevi r\u016bp\u0113jos par saviem pirtsm\u012b\u013ciem.<\/span><\/strong><\/h6><p><strong><span style=\"color: #0c3a03;\">Pirts ritu\u0101los lietoju visda\u017e\u0101d\u0101kos augu mais\u012bjumus un sloti\u0146as, dzintara diskus, smalcin\u0101tu dzintaru, bankas, k\u0101rklu mizu sai\u0161\u0137us, m\u0101lu, sniegu, ogas, medu, \u0113terisk\u0101s e\u013c\u013cas, hidrol\u0101tus, s\u0101li, sodu, 4 stihijas, dziesmas, medit\u0101cijas, v\u0101rda sp\u0113ku un baltu z\u012bmes.<\/span><\/strong><\/p><p><strong><span lang=\"LV\" style=\"color: #0c3a03;\">Dz\u012bves moto \u201cm\u0101c\u012bties un v\u0113lreiz m\u0101c\u012bties\u201d.<\/span><\/strong><\/p><p><strong><span style=\"color: #0c3a03;\">Esmu apguvusi pirts zin\u012bbas vair\u0101k\u0101s pirts skol\u0101s: \u201cLielzemenes\u201d, \u201cPirts skola\u201d, &#8220;Lielv\u0101rdes pirts \u016adens skolas trad\u012bcija un p\u0113rtes&#8221;, \u201cPirts \u0123imenes vesel\u012bbai\u201d (ZS Saules ce\u013ci), \u201cPadzi\u013cin\u0101t\u0101s pirts zin\u012bbas pirtniekiem\u201d (ZS Saules ce\u013ci), \u201cPadzi\u013cin\u0101t\u0101s pirts zin\u012bbas pirtniekiem&#8221; 2 l\u012bmenis (ZS Saules ce\u013ci). Aromterapiju esmu izzin\u0101jusi m\u0101c\u012bbu centr\u0101 &#8220;Lar\u0113na&#8221; un mas\u0101\u017eu m\u0101ksla apg\u016bta Profesion\u0101l\u0101s t\u0101l\u0101kizgl\u012bt\u012bbas centr\u0101 &#8220;Elisanda&#8221;.<\/span><\/strong><\/p><p><strong><span style=\"color: #0c3a03;\">Papildus kursi un sertifik\u0101ti: \u201cIzmaini savu dz\u012bvi p\u0113c v\u0101stu\u201d, pa\u0161izaugsmes kurss \u201cAtrodi sevi \u2013 7 \u010dakras\u201d, 1. l\u012bme\u0146a Reiki kurss, 1. l\u012bme\u0146a sertifik\u0101ts numerolo\u0123ij\u0101, Colorscope diagnostika, iek\u0161\u0113jo org\u0101nu mas\u0101\u017ea, fasciju mas\u0101\u017ea.<\/span><\/strong><\/p><p><span style=\"color: #0c3a03;\"><em>Es esmu latviete. Es nebaidos. Es mostos kop\u0101 ar c\u012bruli, uzsienu baltu lina lakatu un eju p\u013cav\u0101s las\u012bt reibino\u0161us\u00a0ziedus. Es s\u0101rtu mago\u0146u vainag\u0101 k\u0101pju ozol\u0101 un ar m\u012blest\u012bbas pavedienu sienu smar\u017e\u012bgas z\u0101\u013cu sloti\u0146as. Es ce\u013cos un eju saulrieta laik\u0101, un liet\u016b, un ar\u012b tad kad \u0161\u0137iet saulespu\u0137es ir k\u013cuvu\u0161as par nez\u0101l\u0113m. Es eju dziedot, ska\u013ci, stipri un laim\u012bgi. Es eju b\u016bt laim\u012bb\u0101, b\u016bt pirtniece pati sav\u0101 sirdsmiera nam\u0101.<\/em><\/span><\/p><p><span style=\"color: #0c3a03;\">\/ T\u0101 saka mana meita par mani \/<\/span><\/p>\t\t\t\t\t\t\t\t<\/div>\n\t\t<div class=\"elementor-element elementor-element-ca3ce86 e-con-full e-flex e-con e-child\" data-id=\"ca3ce86\" data-element_type=\"container\" data-e-type=\"container\">\n\t\t\t\t<\/div>\n\t\t<div class=\"elementor-element elementor-element-8aff631 e-con-full e-flex e-con e-child\" data-id=\"8aff631\" data-element_type=\"container\" data-e-type=\"container\">\n\t\t\t\t<div class=\"elementor-element elementor-element-439258e elementor-widget elementor-widget-image\" data-id=\"439258e\" data-element_type=\"widget\" data-e-type=\"widget\" data-widget_type=\"image.default\">\n\t\t\t\t\t\t\t\t\t\t\t\t\t\t\t<img fetchpriority=\"high\" decoding=\"async\" width=\"636\" height=\"960\" src=\"https:\/\/pirtniece.lv\/wp-content\/uploads\/2026\/02\/90594894_2567352526872066_4889771454192680960_o.jpg\" class=\"attachment-medium_large size-medium_large wp-image-25\" alt=\"\" srcset=\"https:\/\/pirtniece.lv\/wp-content\/uploads\/2026\/02\/90594894_2567352526872066_4889771454192680960_o.jpg 636w, https:\/\/pirtniece.lv\/wp-content\/uploads\/2026\/02\/90594894_2567352526872066_4889771454192680960_o-199x300.jpg 199w\" sizes=\"(max-width: 636px) 100vw, 636px\" \/>\t\t\t\t\t\t\t\t\t\t\t\t\t\t\t<\/div>\n\t\t\t\t<\/div>\n\t\t\t\t\t<\/div>\n\t\t\t\t<\/div>\n\t\t\t\t<\/div>\n\t\t","protected":false},"excerpt":{"rendered":"<p>PIRTNIECE IVETA Organiz\u0113ju individu\u0101lus pirts ritu\u0101lus, d\u0101mu pirts dienas, meistarklases un nometnes, nodro\u0161inot ar\u012b nak\u0161\u0146o\u0161anu. Esmu pilna laika pirtniece, tas noz\u012bm\u0113, ka pirts ritu\u0101lu iesp\u0113jams noorganiz\u0113t ne tikai br\u012bvdien\u0101s bet jebkur\u0101 m\u0113ne\u0161a dien\u0101. Augus iev\u0101cu pati, gatavoju t\u0113jas, pirts skrubi &#8230;.. intens\u012bvi darbojos ar \u0113teriskaj\u0101m e\u013c\u013c\u0101m, veicot aromdiagnostiku, kas pal\u012bdz diagnostic\u0113t cilv\u0113ka psihoemicion\u0101lo st\u0101vokli un to dziedin\u0101t. Apg\u016btas ar\u012b da\u017e\u0101das mas\u0101\u017eas tehnikas. Esmu &#8220;Sp\u0113ka pirts&#8221; saimniece, t\u0101p\u0113c ar pilnu atdevi r\u016bp\u0113jos par saviem pirtsm\u012b\u013ciem. Pirts ritu\u0101los lietoju visda\u017e\u0101d\u0101kos augu mais\u012bjumus un sloti\u0146as, dzintara diskus, smalcin\u0101tu dzintaru, bankas, k\u0101rklu mizu sai\u0161\u0137us, m\u0101lu, sniegu, ogas, medu, \u0113terisk\u0101s e\u013c\u013cas, hidrol\u0101tus, s\u0101li, sodu, 4 stihijas, dziesmas, medit\u0101cijas, v\u0101rda sp\u0113ku un baltu z\u012bmes. Dz\u012bves moto \u201cm\u0101c\u012bties un v\u0113lreiz m\u0101c\u012bties\u201d. Esmu apguvusi pirts zin\u012bbas vair\u0101k\u0101s pirts skol\u0101s: \u201cLielzemenes\u201d, \u201cPirts skola\u201d, &#8220;Lielv\u0101rdes pirts \u016adens skolas trad\u012bcija un p\u0113rtes&#8221;, \u201cPirts \u0123imenes vesel\u012bbai\u201d (ZS Saules ce\u013ci), \u201cPadzi\u013cin\u0101t\u0101s pirts zin\u012bbas pirtniekiem\u201d (ZS Saules ce\u013ci), \u201cPadzi\u013cin\u0101t\u0101s pirts zin\u012bbas pirtniekiem&#8221; 2 l\u012bmenis (ZS Saules ce\u013ci). Aromterapiju esmu izzin\u0101jusi m\u0101c\u012bbu centr\u0101 &#8220;Lar\u0113na&#8221; un mas\u0101\u017eu m\u0101ksla apg\u016bta Profesion\u0101l\u0101s t\u0101l\u0101kizgl\u012bt\u012bbas centr\u0101 &#8220;Elisanda&#8221;. Papildus kursi un sertifik\u0101ti: \u201cIzmaini savu dz\u012bvi p\u0113c v\u0101stu\u201d, pa\u0161izaugsmes kurss \u201cAtrodi sevi \u2013 7 \u010dakras\u201d, 1. l\u012bme\u0146a Reiki kurss, 1. l\u012bme\u0146a sertifik\u0101ts numerolo\u0123ij\u0101, Colorscope diagnostika, iek\u0161\u0113jo org\u0101nu mas\u0101\u017ea, fasciju mas\u0101\u017ea. Es esmu latviete. Es nebaidos. Es mostos kop\u0101 ar c\u012bruli, uzsienu baltu lina lakatu un eju p\u013cav\u0101s las\u012bt reibino\u0161us\u00a0ziedus. Es s\u0101rtu mago\u0146u vainag\u0101 k\u0101pju ozol\u0101 un ar m\u012blest\u012bbas pavedienu sienu smar\u017e\u012bgas z\u0101\u013cu sloti\u0146as. Es ce\u013cos un eju saulrieta laik\u0101, un liet\u016b, un ar\u012b tad kad \u0161\u0137iet saulespu\u0137es ir k\u013cuvu\u0161as par nez\u0101l\u0113m. Es eju dziedot, ska\u013ci, stipri un laim\u012bgi. Es eju b\u016bt laim\u012bb\u0101, b\u016bt pirtniece pati sav\u0101 sirdsmiera nam\u0101. \/ T\u0101 saka mana meita par mani \/<\/p>\n","protected":false},"author":1,"featured_media":0,"parent":0,"menu_order":0,"comment_status":"closed","ping_status":"closed","template":"","meta":{"footnotes":""},"class_list":["post-7","page","type-page","status-publish","hentry"],"acf":[],"_links":{"self":[{"href":"https:\/\/pirtniece.lv\/index.php\/wp-json\/wp\/v2\/pages\/7","targetHints":{"allow":["GET"]}}],"collection":[{"href":"https:\/\/pirtniece.lv\/index.php\/wp-json\/wp\/v2\/pages"}],"about":[{"href":"https:\/\/pirtniece.lv\/index.php\/wp-json\/wp\/v2\/types\/page"}],"author":[{"embeddable":true,"href":"https:\/\/pirtniece.lv\/index.php\/wp-json\/wp\/v2\/users\/1"}],"replies":[{"embeddable":true,"href":"https:\/\/pirtniece.lv\/index.php\/wp-json\/wp\/v2\/comments?post=7"}],"version-history":[{"count":51,"href":"https:\/\/pirtniece.lv\/index.php\/wp-json\/wp\/v2\/pages\/7\/revisions"}],"predecessor-version":[{"id":101,"href":"https:\/\/pirtniece.lv\/index.php\/wp-json\/wp\/v2\/pages\/7\/revisions\/101"}],"wp:attachment":[{"href":"https:\/\/pirtniece.lv\/index.php\/wp-json\/wp\/v2\/media?parent=7"}],"curies":[{"name":"wp","href":"https:\/\/api.w.org\/{rel}","templated":true}]}}